{"id":436,"date":"2024-02-07T16:03:47","date_gmt":"2024-02-07T16:03:47","guid":{"rendered":"https:\/\/www.ferrerbjj.ch\/?page_id=436"},"modified":"2026-03-16T14:40:43","modified_gmt":"2026-03-16T13:40:43","slug":"contact","status":"publish","type":"page","link":"https:\/\/www.ferrerbjj.ch\/de\/contact\/","title":{"rendered":"Kontakt"},"content":{"rendered":"<h2 class=\"wp-block-heading has-text-align-center anchor-link has-large-font-size\" id=\"trial\">Buche eine Probestunde<\/h2>\n\n\n\n<p>Haben wir dein Interesse geweckt? <br>Dann bitte <strong><a href=\"https:\/\/manager.dojoexpert.com\/student\/form.aspx?g=e06b3730-f5dc-4e58-86e2-cf3e71a142bb&amp;j=de-CH\">f\u00fcll diesen kleinen Fragebogen aus,<\/a><\/strong> um selbst herauszufinden, wer wir sind.<\/p>\n\n\n\n<h3 class=\"wp-block-heading\">Hinweis<\/h3>\n\n\n\n<p><em>BJJ-Mitglieder, die NoGi oder Intermediate\/Advanced BJJ-Kurse besuchen m\u00f6chten, m\u00fcssen mindestens 4 Monate Erfahrung im BJJ-Sport gesammelt haben, da frische Weissgurte zuerst die Grundlagen in unseren Grundkursen \u00fcben m\u00fcssen. Alle anderen Klassen sind ohne Einschr\u00e4nkung verf\u00fcgbar.<br><\/em><\/p>\n\n\n\n<h2 class=\"wp-block-heading has-text-align-center anchor-link has-large-font-size\" id=\"message\">Trete in Kontakt<\/h2>\n\n\n\n<p>Gibt es etwas, auf das wir keine zufriedenstellende Antwort geben konnten? In diesem Fall frage ruhig nach. <\/p>\n\n\n\n<p>Wir melden uns innerhalb von 24 Stunden zur\u00fcck.<\/p>\n\n\n\n<div class=\"wp-block-group alignwide is-vertical is-content-justification-stretch is-nowrap is-layout-flex wp-container-core-group-is-layout-5a9d514c wp-block-group-is-layout-flex\">\n<div class=\"forminator-guttenberg\"><div class=\"forminator-ui forminator-custom-form forminator-custom-form-1208 forminator-design--default  forminator_ajax\" data-forminator-render=\"0\" data-form=\"forminator-module-1208\" data-uid=\"69ded1825b8a4\"><br\/><\/div><form\n\t\t\t\tid=\"forminator-module-1208\"\n\t\t\t\tclass=\"forminator-ui forminator-custom-form forminator-custom-form-1208 forminator-design--default  forminator_ajax\"\n\t\t\t\tmethod=\"post\"\n\t\t\t\tdata-forminator-render=\"0\"\n\t\t\t\tdata-form-id=\"1208\"\n\t\t\t\t data-color-option=\"theme\" data-design=\"default\" data-grid=\"open\" style=\"display: none;\"\n\t\t\t\tdata-uid=\"69ded1825b8a4\" action=\"\"\n\t\t\t><div role=\"alert\" aria-live=\"polite\" class=\"forminator-response-message forminator-error\" aria-hidden=\"true\"><\/div><div class=\"forminator-row\"><div id=\"text-1\" class=\"forminator-field-text forminator-col forminator-col-6\"><div class=\"forminator-field\"><label for=\"forminator-field-text-1_69ded1825b8a4\" id=\"forminator-field-text-1_69ded1825b8a4-label\" class=\"forminator-label\">Dein Name (erforderlich) <span class=\"forminator-required\">*<\/span><\/label><input type=\"text\" name=\"text-1\" value=\"\" placeholder=\"\" id=\"forminator-field-text-1_69ded1825b8a4\" class=\"forminator-input forminator-name--field\" data-required=\"1\" \/><\/div><\/div><div id=\"email-1\" class=\"forminator-field-email forminator-col forminator-col-6\"><div class=\"forminator-field\"><label for=\"forminator-field-email-1_69ded1825b8a4\" id=\"forminator-field-email-1_69ded1825b8a4-label\" class=\"forminator-label\">Deine E-Mail (erforderlich) <span class=\"forminator-required\">*<\/span><\/label><input type=\"email\" name=\"email-1\" value=\"\" placeholder=\"\" id=\"forminator-field-email-1_69ded1825b8a4\" class=\"forminator-input forminator-email--field\" data-required=\"1\" aria-required=\"true\" autocomplete=\"email\" \/><\/div><\/div><\/div><div class=\"forminator-row\"><div id=\"phone-1\" class=\"forminator-field-phone forminator-col forminator-col-12\"><div class=\"forminator-field\"><label for=\"forminator-field-phone-1_69ded1825b8a4\" id=\"forminator-field-phone-1_69ded1825b8a4-label\" class=\"forminator-label\">Deine Mobil-Nummer (erforderlich) <span class=\"forminator-required\">*<\/span><\/label><input type=\"text\" name=\"phone-1\" value=\"\" placeholder=\"\" id=\"forminator-field-phone-1_69ded1825b8a4\" class=\"forminator-input forminator-field--phone\" data-required=\"1\" aria-required=\"true\" autocomplete=\"off\" \/><\/div><\/div><\/div><div class=\"forminator-row\"><div id=\"text-2\" class=\"forminator-field-text forminator-col forminator-col-12\"><div class=\"forminator-field\"><label for=\"forminator-field-text-2_69ded1825b8a4\" id=\"forminator-field-text-2_69ded1825b8a4-label\" class=\"forminator-label\">Betreff<\/label><input type=\"text\" name=\"text-2\" value=\"\" placeholder=\"\" id=\"forminator-field-text-2_69ded1825b8a4\" class=\"forminator-input forminator-name--field\" data-required=\"\" \/><\/div><\/div><\/div><div class=\"forminator-row\"><div id=\"textarea-1\" class=\"forminator-field-textarea forminator-col forminator-col-12\"><div class=\"forminator-field\"><label for=\"forminator-field-textarea-1_69ded1825b8a4\" id=\"forminator-field-textarea-1_69ded1825b8a4-label\" class=\"forminator-label\">Deine Nachricht<\/label><textarea name=\"textarea-1\" placeholder=\"\" id=\"forminator-field-textarea-1_69ded1825b8a4\" class=\"forminator-textarea\" rows=\"6\" style=\"min-height:140px;\" ><\/textarea><\/div><\/div><\/div><div class=\"forminator-row\"><div id=\"checkbox-1\" class=\"forminator-field-checkbox forminator-col forminator-col-12\"><div role=\"group\" class=\"forminator-field required\" aria-labelledby=\"forminator-checkbox-group-forminator-field-checkbox-1-69ded1825b8a4-label\"><span id=\"forminator-checkbox-group-forminator-field-checkbox-1-69ded1825b8a4-label\" class=\"forminator-label\">Woran interessierst du dich? <span class=\"forminator-required\">*<\/span><\/span><label id=\"forminator-field-checkbox-1-1-69ded1825b8a4-label\" for=\"forminator-field-checkbox-1-1-69ded1825b8a4\" class=\"forminator-checkbox forminator-checkbox-inline\" title=\"BJJ\"><input type=\"checkbox\" name=\"checkbox-1[]\" value=\"BJJ\" id=\"forminator-field-checkbox-1-1-69ded1825b8a4\" aria-labelledby=\"forminator-field-checkbox-1-1-69ded1825b8a4-label\" data-calculation=\"0\"  \/><span class=\"forminator-checkbox-box\" aria-hidden=\"true\"><\/span><span class=\"forminator-checkbox-label\">BJJ<\/span><\/label><label id=\"forminator-field-checkbox-1-2-69ded1825b8a4-label\" for=\"forminator-field-checkbox-1-2-69ded1825b8a4\" class=\"forminator-checkbox forminator-checkbox-inline\" title=\"BJJ For Kids\"><input type=\"checkbox\" name=\"checkbox-1[]\" value=\"BJJ-4\" id=\"forminator-field-checkbox-1-2-69ded1825b8a4\" aria-labelledby=\"forminator-field-checkbox-1-2-69ded1825b8a4-label\" data-calculation=\"0\"  \/><span class=\"forminator-checkbox-box\" aria-hidden=\"true\"><\/span><span class=\"forminator-checkbox-label\">BJJ For Kids<\/span><\/label><label id=\"forminator-field-checkbox-1-3-69ded1825b8a4-label\" for=\"forminator-field-checkbox-1-3-69ded1825b8a4\" class=\"forminator-checkbox forminator-checkbox-inline\" title=\"MMA\"><input type=\"checkbox\" name=\"checkbox-1[]\" value=\"MMA\" id=\"forminator-field-checkbox-1-3-69ded1825b8a4\" aria-labelledby=\"forminator-field-checkbox-1-3-69ded1825b8a4-label\" data-calculation=\"0\"  \/><span class=\"forminator-checkbox-box\" aria-hidden=\"true\"><\/span><span class=\"forminator-checkbox-label\">MMA<\/span><\/label><\/div><\/div><\/div><div class=\"forminator-row\" style=\"margin: 0;\"><div id=\"captcha-1\" class=\"forminator-field-captcha  forminator-col-12\"><div class=\"forminator-captcha-left forminator-g-recaptcha recaptcha-invisible\" data-theme=\"light\" data-badge=\"bottomleft\" data-sitekey=\"6Lct0ssUAAAAAHE2DYY3PCDXfJK3Bgj55DYOneBW\" data-size=\"invisible\"><\/div> <\/div><\/div><input type=\"hidden\" name=\"referer_url\" value=\"\" \/><div class=\"forminator-row forminator-row-last\"><div class=\"forminator-col\"><div class=\"forminator-field\"><button class=\"forminator-button forminator-button-submit\">Senden<\/button><\/div><\/div><\/div><input type=\"hidden\" id=\"forminator_nonce\" name=\"forminator_nonce\" value=\"5a0074c81b\" \/><input type=\"hidden\" name=\"_wp_http_referer\" value=\"\/de\/wp-json\/wp\/v2\/pages\/436\" \/><input type=\"hidden\" name=\"form_id\" value=\"1208\"><input type=\"hidden\" name=\"page_id\" value=\"436\"><input type=\"hidden\" name=\"form_type\" value=\"default\"><input type=\"hidden\" name=\"current_url\" value=\"https:\/\/www.ferrerbjj.ch\/de\/contact\/\"><input type=\"hidden\" name=\"render_id\" value=\"0\"><input type=\"hidden\" name=\"action\" value=\"forminator_submit_form_custom-forms\"><label for=\"input_7\" class=\"forminator-hidden\" aria-hidden=\"true\">Bitte f\u00fclle dieses Feld nicht aus. <input id=\"input_7\" type=\"text\" name=\"input_7\" value=\"\" autocomplete=\"off\"><\/label><input type=\"hidden\" name=\"trp-form-language\" value=\"de\"\/><\/form><\/div>\n<\/div>\n\n\n\n<h2 class=\"wp-block-heading has-text-align-center anchor-link\" id=\"location\">Ortschaft<\/h2>\n\n\n\n<h3 class=\"wp-block-heading\">Wo kannst du uns finden?<\/h3>\n\n\n\n<p>Ferrer BJJ ist 10 Minuten zu Fuss vom Winterthur Hauptbahnhof entfernt. Mit dem Bus f\u00e4hrt man bis zur Haltestelle \"Hinterwiesli\" \u00fcber die 2er Linie.<\/p>\n\n\n\n<p>Solltest du mit dem Auto unterwegs sein, nimmst du am besten die Ausfahrt Winterthur W\u00fclflingen. Parkpl\u00e4tze befinden sich hinter dem Geb\u00e4ude.<\/p>\n\n\n\n<p><strong>Kontakt<\/strong><br>Tel: +41 76 575 26 26<\/p>\n\n\n\n<p><strong>Adresse<\/strong><br>B\u00fcrglistrasse 29<br>8400 Winterthur<\/p>\n\n\n\n<p><strong>Achtung<\/strong><br>Falls der Vordereingang geschlossen ist, benutze bitte den Hintereingang in der Salstrasse (auf H\u00f6he von Nr. 57).<\/p>\n\n\n\t\t\t<div \n\t\t\tclass=\"wp-block-uagb-google-map uagb-google-map__wrap uagb-block-fb4b6abf\"\n\t\t\tstyle=\"\" >\n\t\t\t\t<embed\n\t\t\t\t\tclass=\"uagb-google-map__iframe\"\n\t\t\t\t\ttitle=\"Google Map for \"\n\t\t\t\t\tsrc=\"https:\/\/maps.google.com\/maps?q=B%C3%BCrglistrasse%2029%2C%208400%20Winterthur&#038;z=12&#038;hl=en&#038;t=m&#038;output=embed&#038;iwloc=near\"\n\t\t\t\t\twidth=\"640\"\n\t\t\t\t\theight=\"300\"\n\t\t\t\t\tloading=\"lazy\"\n\t\t\t\t><\/embed>\n\t\t\t<\/div>\n\t\t\t\n\n\n<div style=\"height:50px\" aria-hidden=\"true\" class=\"wp-block-spacer\"><\/div>\n\n\n\n<h2 class=\"wp-block-heading has-text-align-center anchor-link has-large-font-size\" id=\"pricing\">Preise<\/h2>\n\n\n\n<p><em>* Eine Anmeldegeb\u00fchr von 30.- CHF ist in der ersten Zahlung imbegriffen.<\/em><\/p>\n\n\n\n<div class=\"wp-block-columns alignwide is-layout-flex wp-container-core-columns-is-layout-d2da2050 wp-block-columns-is-layout-flex\" style=\"margin-bottom:0\">\n<div class=\"wp-block-column has-text-color has-background has-link-color wp-elements-086c19fdbd564f2a043629c8b9b64b8d is-layout-flow wp-block-column-is-layout-flow\" style=\"color:#000000;background-color:#ffe97d;padding-top:2em;padding-right:2em;padding-bottom:2em;padding-left:2em\">\n<h2 class=\"wp-block-heading\" id=\"single\" style=\"font-size:40px\"><strong>BJJ<\/strong><\/h2>\n\n\n\n<p class=\"has-normal-font-size\" style=\"line-height:1.5\"><strong>Lerne die Einzelheiten des Grapplings kennen.<\/strong><\/p>\n\n\n\n<hr class=\"wp-block-separator has-text-color has-css-opacity has-background is-style-wide\" style=\"background-color:#000000;color:#000000\"\/>\n\n\n\n<ul class=\"wp-block-list has-normal-font-size\">\n<li>Kinder j\u00fcnger als 15 k\u00f6nnen Mitglieder des\u201cBJJ for Kids\u201d Abos werden.<\/li>\n\n\n\n<li><em>Grappling<\/em> Klassen inklusive.<\/li>\n<\/ul>\n\n\n\n<div class=\"wp-block-buttons alignfull is-horizontal is-content-justification-center is-layout-flex wp-container-core-buttons-is-layout-03627597 wp-block-buttons-is-layout-flex\">\n<div class=\"wp-block-button has-custom-width wp-block-button__width-100\"><a class=\"wp-block-button__link has-white-color has-text-color has-background no-border-radius wp-element-button\" style=\"background-color:#000000\">CHF 790.-<br>\/ 6 Monate<\/a><\/div>\n\n\n\n<div class=\"wp-block-button has-custom-width wp-block-button__width-100\"><a class=\"wp-block-button__link has-white-color has-text-color has-background no-border-radius wp-element-button\" style=\"background-color:#000000\">CHF 1390.-<br>\/ Jahr<\/a><\/div>\n<\/div>\n<\/div>\n\n\n\n<div class=\"wp-block-column has-luminous-vivid-orange-background-color has-text-color has-background has-link-color wp-elements-c8df8766976bf6b2d1d0230fbde398b1 is-layout-flow wp-block-column-is-layout-flow\" style=\"color:#000000;padding-top:2em;padding-right:2em;padding-bottom:2em;padding-left:2em\">\n<h2 class=\"wp-block-heading\" id=\"family\" style=\"font-size:40px\"><strong>MMA<\/strong><\/h2>\n\n\n\n<p class=\"has-normal-font-size\" style=\"line-height:1.5\"><strong>Werde f\u00e4hig, Schl\u00e4ge und Griffe zu kombinieren.<\/strong><\/p>\n\n\n\n<hr class=\"wp-block-separator has-css-opacity is-style-wide\"\/>\n\n\n\n<ul class=\"wp-block-list has-normal-font-size\">\n<li>Du musst mindestens 16 Jahre alt sein.<\/li>\n<\/ul>\n\n\n\n<div class=\"wp-block-buttons alignfull is-horizontal is-content-justification-center is-layout-flex wp-container-core-buttons-is-layout-03627597 wp-block-buttons-is-layout-flex\">\n<div class=\"wp-block-button has-custom-width wp-block-button__width-100 is-style-fill\"><a class=\"wp-block-button__link has-white-color has-text-color has-background no-border-radius wp-element-button\" style=\"background-color:#000000\">CHF 490.-<br>\/ 6 Monate<\/a><\/div>\n\n\n\n<div class=\"wp-block-button has-custom-width wp-block-button__width-100 is-style-fill\"><a class=\"wp-block-button__link has-white-color has-text-color has-background no-border-radius wp-element-button\" style=\"background-color:#000000\">CHF 890.-<br>\/ Jahr<\/a><\/div>\n<\/div>\n<\/div>\n\n\n\n<div class=\"wp-block-column has-text-color has-background has-link-color wp-elements-d57dc0eb0198095a1898d897c1c03af8 is-layout-flow wp-block-column-is-layout-flow\" style=\"color:#000000;background-color:#c0ebf1;padding-top:2em;padding-right:2em;padding-bottom:2em;padding-left:2em\">\n<h2 class=\"wp-block-heading\" id=\"patron\" style=\"font-size:40px\"><strong>BJJ For Kids<\/strong><\/h2>\n\n\n\n<p class=\"has-normal-font-size\"><strong>Biete deinen Kindern die M\u00f6glichkeit, eine effektive und unterhaltsame Kampfsportart ohne Schl\u00e4ge zu treiben.<\/strong><\/p>\n\n\n\n<hr class=\"wp-block-separator has-css-opacity is-style-wide\"\/>\n\n\n\n<ul class=\"wp-block-list has-normal-font-size\">\n<li>Geeignet f\u00fcr alle Altersgruppen zwischen 6 und 14 Jahren.<\/li>\n<\/ul>\n\n\n\n<div class=\"wp-block-buttons alignfull is-horizontal is-content-justification-center is-layout-flex wp-container-core-buttons-is-layout-03627597 wp-block-buttons-is-layout-flex\">\n<div class=\"wp-block-button has-custom-width wp-block-button__width-100\"><a class=\"wp-block-button__link has-white-color has-text-color has-background no-border-radius wp-element-button\" style=\"background-color:#000000\">CHF 490.-<br>\/ 6 Monate<\/a><\/div>\n\n\n\n<div class=\"wp-block-button has-custom-width wp-block-button__width-100\"><a class=\"wp-block-button__link has-white-color has-text-color has-background no-border-radius wp-element-button\" style=\"background-color:#000000\">CHF 790.-<br>\/ Jahr<\/a><\/div>\n<\/div>\n<\/div>\n<\/div>\n\n\n\n<p><\/p>","protected":false},"excerpt":{"rendered":"<p>Book a trial session Hey, have we sparked your interest in seeing who we are? In that case please fill in a short questionnaire here to get your impression first hand for free. Disclaimer BJJ members wanting to attend NoGi or Intermediate\/Advanced BJJ sessions, please be aware that you must first have gained at least [&hellip;]<\/p>\n","protected":false},"author":1,"featured_media":0,"parent":0,"menu_order":6,"comment_status":"closed","ping_status":"closed","template":"","meta":{"_uag_custom_page_level_css":"","site-sidebar-layout":"default","site-content-layout":"","ast-site-content-layout":"default","site-content-style":"default","site-sidebar-style":"default","ast-global-header-display":"","ast-banner-title-visibility":"","ast-main-header-display":"","ast-hfb-above-header-display":"","ast-hfb-below-header-display":"","ast-hfb-mobile-header-display":"","site-post-title":"disabled","ast-breadcrumbs-content":"","ast-featured-img":"","footer-sml-layout":"","ast-disable-related-posts":"","theme-transparent-header-meta":"","adv-header-id-meta":"","stick-header-meta":"","header-above-stick-meta":"","header-main-stick-meta":"","header-below-stick-meta":"","astra-migrate-meta-layouts":"default","ast-page-background-enabled":"default","ast-page-background-meta":{"desktop":{"background-color":"var(--ast-global-color-4)","background-image":"","background-repeat":"repeat","background-position":"center center","background-size":"auto","background-attachment":"scroll","background-type":"","background-media":"","overlay-type":"","overlay-color":"","overlay-opacity":"","overlay-gradient":""},"tablet":{"background-color":"","background-image":"","background-repeat":"repeat","background-position":"center center","background-size":"auto","background-attachment":"scroll","background-type":"","background-media":"","overlay-type":"","overlay-color":"","overlay-opacity":"","overlay-gradient":""},"mobile":{"background-color":"","background-image":"","background-repeat":"repeat","background-position":"center center","background-size":"auto","background-attachment":"scroll","background-type":"","background-media":"","overlay-type":"","overlay-color":"","overlay-opacity":"","overlay-gradient":""}},"ast-content-background-meta":{"desktop":{"background-color":"var(--ast-global-color-5)","background-image":"","background-repeat":"repeat","background-position":"center center","background-size":"auto","background-attachment":"scroll","background-type":"","background-media":"","overlay-type":"","overlay-color":"","overlay-opacity":"","overlay-gradient":""},"tablet":{"background-color":"var(--ast-global-color-5)","background-image":"","background-repeat":"repeat","background-position":"center center","background-size":"auto","background-attachment":"scroll","background-type":"","background-media":"","overlay-type":"","overlay-color":"","overlay-opacity":"","overlay-gradient":""},"mobile":{"background-color":"var(--ast-global-color-5)","background-image":"","background-repeat":"repeat","background-position":"center center","background-size":"auto","background-attachment":"scroll","background-type":"","background-media":"","overlay-type":"","overlay-color":"","overlay-opacity":"","overlay-gradient":""}},"footnotes":""},"class_list":["post-436","page","type-page","status-publish","hentry"],"uagb_featured_image_src":{"full":false,"thumbnail":false,"medium":false,"medium_large":false,"large":false,"1536x1536":false,"2048x2048":false,"trp-custom-language-flag":false},"uagb_author_info":{"display_name":"designer","author_link":"https:\/\/www.ferrerbjj.ch\/de\/author\/designer\/"},"uagb_comment_info":0,"uagb_excerpt":"Book a trial session Hey, have we sparked your interest in seeing who we are? In that case please fill in a short questionnaire here to get your impression first hand for free. Disclaimer BJJ members wanting to attend NoGi or Intermediate\/Advanced BJJ sessions, please be aware that you must first have gained at least&hellip;","_links":{"self":[{"href":"https:\/\/www.ferrerbjj.ch\/de\/wp-json\/wp\/v2\/pages\/436","targetHints":{"allow":["GET"]}}],"collection":[{"href":"https:\/\/www.ferrerbjj.ch\/de\/wp-json\/wp\/v2\/pages"}],"about":[{"href":"https:\/\/www.ferrerbjj.ch\/de\/wp-json\/wp\/v2\/types\/page"}],"author":[{"embeddable":true,"href":"https:\/\/www.ferrerbjj.ch\/de\/wp-json\/wp\/v2\/users\/1"}],"replies":[{"embeddable":true,"href":"https:\/\/www.ferrerbjj.ch\/de\/wp-json\/wp\/v2\/comments?post=436"}],"version-history":[{"count":89,"href":"https:\/\/www.ferrerbjj.ch\/de\/wp-json\/wp\/v2\/pages\/436\/revisions"}],"predecessor-version":[{"id":1735,"href":"https:\/\/www.ferrerbjj.ch\/de\/wp-json\/wp\/v2\/pages\/436\/revisions\/1735"}],"wp:attachment":[{"href":"https:\/\/www.ferrerbjj.ch\/de\/wp-json\/wp\/v2\/media?parent=436"}],"curies":[{"name":"wp","href":"https:\/\/api.w.org\/{rel}","templated":true}]}}