{"id":688,"date":"2024-02-16T22:44:31","date_gmt":"2024-02-16T21:44:31","guid":{"rendered":"https:\/\/www.ferrerbjj.ch\/?page_id=688"},"modified":"2025-06-27T15:24:50","modified_gmt":"2025-06-27T14:24:50","slug":"etiquette","status":"publish","type":"page","link":"https:\/\/www.ferrerbjj.ch\/de\/etiquette\/","title":{"rendered":"Etiquette"},"content":{"rendered":"<ol style=\"line-height:2\" class=\"wp-block-list\">\n<li>Erscheine rechtzeitig zum Training.<\/li>\n\n\n\n<li>Verbeuge Dich vor dem Betreten der Matte und auch vor dem Verlassen der Matte.<\/li>\n\n\n\n<li>Deine Haltung im Dojo ist immer respektvoll.<\/li>\n\n\n\n<li>Musst Du das Training vor dem offiziellen Schluss verlassen, informiere den Lehrer vor Trainingsbeginn.<\/li>\n\n\n\n<li>Bei Unwohlsein (M\u00fcdigkeit, Verletzung, Krankheit etc.) ist es selbstverst\u00e4ndlich (notwendig) eine Pause einzulegen.<\/li>\n\n\n\n<li>S\u00e4mtliches Tragen von Schmuck (Ketten, Ringe, Piecring etc) ist untersagt.<\/li>\n\n\n\n<li>Sollte eine l\u00e4ngere Abwesenheit bevorstehen, informiere den Lehrer.<\/li>\n\n\n\n<li>Aus Hygienegr\u00fcnden m\u00fcssen Fuss- und Fingern\u00e4gel geschnitten sein.<\/li>\n\n\n\n<li>Auf der Matte sind Schuhe, Nahrungsmittel und Getr\u00e4nke verboten.<\/li>\n\n\n\n<li>Handys sind auszuschalten und w\u00e4hrend des Trainings nicht zu benutzen.<\/li>\n\n\n\n<li>Private Angelegenheiten d\u00fcrfen nicht w\u00e4hrend des Trainings ausgetragen werden.<\/li>\n\n\n\n<li>Schimpf- und Fluchw\u00f6rter sind untersagt.<\/li>\n\n\n\n<li>Niemand soll \u00fcber Trainingsleistungen oder Qualifikationen vor, w\u00e4hrend oder nach dem Training prahlen.<\/li>\n\n\n\n<li>Das Kimono muss im Gi Unterricht jederzeit getragen werden.<\/li>\n\n\n\n<li>Bei Frauen ist es zwingend notwendig unter der Kimono-Jacke ein T-Shirt (Rash-Guard) zu tragen.<\/li>\n\n\n\n<li>Vermeide Ausbr\u00fcche von Aggressionen w\u00e4hrend des Trainings.<\/li>\n\n\n\n<li>Vermeide H\u00e4rte und verwende Lockerheit; Unser Ziel ist Sport zu treiben und nicht zu verletzen.<\/li>\n\n\n\n<li>Bei pers\u00f6nlichen Problemen mit Trainingspartnern wende dich dem Trainer zu.<\/li>\n<\/ol>","protected":false},"excerpt":{"rendered":"","protected":false},"author":1,"featured_media":0,"parent":0,"menu_order":5,"comment_status":"closed","ping_status":"closed","template":"","meta":{"_uag_custom_page_level_css":"","site-sidebar-layout":"default","site-content-layout":"","ast-site-content-layout":"default","site-content-style":"default","site-sidebar-style":"default","ast-global-header-display":"","ast-banner-title-visibility":"","ast-main-header-display":"","ast-hfb-above-header-display":"","ast-hfb-below-header-display":"","ast-hfb-mobile-header-display":"","site-post-title":"","ast-breadcrumbs-content":"","ast-featured-img":"","footer-sml-layout":"","ast-disable-related-posts":"","theme-transparent-header-meta":"","adv-header-id-meta":"","stick-header-meta":"","header-above-stick-meta":"","header-main-stick-meta":"","header-below-stick-meta":"","astra-migrate-meta-layouts":"default","ast-page-background-enabled":"default","ast-page-background-meta":{"desktop":{"background-color":"var(--ast-global-color-4)","background-image":"","background-repeat":"repeat","background-position":"center center","background-size":"auto","background-attachment":"scroll","background-type":"","background-media":"","overlay-type":"","overlay-color":"","overlay-opacity":"","overlay-gradient":""},"tablet":{"background-color":"","background-image":"","background-repeat":"repeat","background-position":"center center","background-size":"auto","background-attachment":"scroll","background-type":"","background-media":"","overlay-type":"","overlay-color":"","overlay-opacity":"","overlay-gradient":""},"mobile":{"background-color":"","background-image":"","background-repeat":"repeat","background-position":"center center","background-size":"auto","background-attachment":"scroll","background-type":"","background-media":"","overlay-type":"","overlay-color":"","overlay-opacity":"","overlay-gradient":""}},"ast-content-background-meta":{"desktop":{"background-color":"var(--ast-global-color-5)","background-image":"","background-repeat":"repeat","background-position":"center center","background-size":"auto","background-attachment":"scroll","background-type":"","background-media":"","overlay-type":"","overlay-color":"","overlay-opacity":"","overlay-gradient":""},"tablet":{"background-color":"var(--ast-global-color-5)","background-image":"","background-repeat":"repeat","background-position":"center center","background-size":"auto","background-attachment":"scroll","background-type":"","background-media":"","overlay-type":"","overlay-color":"","overlay-opacity":"","overlay-gradient":""},"mobile":{"background-color":"var(--ast-global-color-5)","background-image":"","background-repeat":"repeat","background-position":"center center","background-size":"auto","background-attachment":"scroll","background-type":"","background-media":"","overlay-type":"","overlay-color":"","overlay-opacity":"","overlay-gradient":""}},"footnotes":""},"class_list":["post-688","page","type-page","status-publish","hentry"],"uagb_featured_image_src":{"full":false,"thumbnail":false,"medium":false,"medium_large":false,"large":false,"1536x1536":false,"2048x2048":false,"trp-custom-language-flag":false},"uagb_author_info":{"display_name":"designer","author_link":"https:\/\/www.ferrerbjj.ch\/de\/author\/designer\/"},"uagb_comment_info":0,"uagb_excerpt":null,"_links":{"self":[{"href":"https:\/\/www.ferrerbjj.ch\/de\/wp-json\/wp\/v2\/pages\/688","targetHints":{"allow":["GET"]}}],"collection":[{"href":"https:\/\/www.ferrerbjj.ch\/de\/wp-json\/wp\/v2\/pages"}],"about":[{"href":"https:\/\/www.ferrerbjj.ch\/de\/wp-json\/wp\/v2\/types\/page"}],"author":[{"embeddable":true,"href":"https:\/\/www.ferrerbjj.ch\/de\/wp-json\/wp\/v2\/users\/1"}],"replies":[{"embeddable":true,"href":"https:\/\/www.ferrerbjj.ch\/de\/wp-json\/wp\/v2\/comments?post=688"}],"version-history":[{"count":8,"href":"https:\/\/www.ferrerbjj.ch\/de\/wp-json\/wp\/v2\/pages\/688\/revisions"}],"predecessor-version":[{"id":1399,"href":"https:\/\/www.ferrerbjj.ch\/de\/wp-json\/wp\/v2\/pages\/688\/revisions\/1399"}],"wp:attachment":[{"href":"https:\/\/www.ferrerbjj.ch\/de\/wp-json\/wp\/v2\/media?parent=688"}],"curies":[{"name":"wp","href":"https:\/\/api.w.org\/{rel}","templated":true}]}}